{"id":361,"date":"2019-11-26T12:22:54","date_gmt":"2019-11-26T12:22:54","guid":{"rendered":"https:\/\/demosites.io\/blogger-gb\/?page_id=5"},"modified":"2025-12-03T16:07:03","modified_gmt":"2025-12-03T16:07:03","slug":"582c1-blogger-gb-home","status":"publish","type":"page","link":"http:\/\/sadef.eu\/","title":{"rendered":"Start"},"content":{"rendered":"<div class=\"wp-block-image ticss-0a9078de\">\n<figure class=\"aligncenter size-full is-resized\"><img loading=\"lazy\" decoding=\"async\" width=\"2560\" height=\"1621\" src=\"https:\/\/sadef.eu\/wp-content\/uploads\/2025\/12\/Mustang-14-jpg-scaled.jpg\" alt=\"\" class=\"wp-image-549\" style=\"width:1140px\" srcset=\"http:\/\/sadef.eu\/wp-content\/uploads\/2025\/12\/Mustang-14-jpg-scaled.jpg 2560w, http:\/\/sadef.eu\/wp-content\/uploads\/2025\/12\/Mustang-14-jpg-300x190.jpg 300w, http:\/\/sadef.eu\/wp-content\/uploads\/2025\/12\/Mustang-14-jpg-1024x649.jpg 1024w, http:\/\/sadef.eu\/wp-content\/uploads\/2025\/12\/Mustang-14-jpg-768x486.jpg 768w, http:\/\/sadef.eu\/wp-content\/uploads\/2025\/12\/Mustang-14-jpg-1536x973.jpg 1536w, http:\/\/sadef.eu\/wp-content\/uploads\/2025\/12\/Mustang-14-jpg-2048x1297.jpg 2048w\" sizes=\"auto, (max-width: 2560px) 100vw, 2560px\" \/><\/figure>\n<\/div>\n\n\n<div id=\"wp-block-themeisle-blocks-advanced-columns-b320f813\" class=\"wp-block-themeisle-blocks-advanced-columns has-3-columns has-desktop-equal-layout has-tablet-equal-layout has-mobile-collapsedRows-layout has-vertical-unset\"><div class=\"wp-block-themeisle-blocks-advanced-columns-overlay\"><\/div><div class=\"innerblocks-wrap\">\n<div id=\"wp-block-themeisle-blocks-advanced-column-42182f0d\" class=\"wp-block-themeisle-blocks-advanced-column\">\n<h3 class=\"wp-block-heading has-x-large-font-size\">O nas<\/h3>\n\n\n\n<p>SADEF jest organizacj\u0105 powsta\u0142\u0105 w po\u0142owie lat 90-tych, aktualnie zrzesza 90% firm posiadaj\u0105cych autoryzacj\u0119 Ford Motor Company.<\/p>\n\n\n\n<p>SADEF jest te\u017c cz\u0142onkiem Europejskiego Stowarzyszenia Dealer\u00f3w Forda.<\/p>\n\n\n\n<p id=\"wp-block-themeisle-blocks-advanced-heading-852c591d\" class=\"wp-block-themeisle-blocks-advanced-heading wp-block-themeisle-blocks-advanced-heading-852c591d\"><\/p>\n<\/div>\n\n\n\n<div id=\"wp-block-themeisle-blocks-advanced-column-cd359245\" class=\"wp-block-themeisle-blocks-advanced-column\">\n<h3 class=\"wp-block-heading has-x-large-font-size\">Misja<\/h3>\n\n\n\n<p>Celem naszej organizacji jest:<\/p>\n\n\n\n<p>&#8211; integracja dealer\u00f3w marki Ford oraz reprezentowanie interes\u00f3w dealer\u00f3w &nbsp;wobec innych organizacji, jak banki, towarzystwa ubezpieczeniowe itp.<\/p>\n\n\n\n<p>&#8211; kszta\u0142towanie wsp\u00f3lnego stanowiska odno\u015bnie zachodz\u0105cych&nbsp;zmian organizacyjnych lub finansowych<\/p>\n\n\n\n<p>&#8211; dbanie o wizerunek oraz upowszechnianie wiedzy o produktach marki Ford<\/p>\n\n\n\n<p id=\"wp-block-themeisle-blocks-advanced-heading-98c8b9c2\" class=\"wp-block-themeisle-blocks-advanced-heading wp-block-themeisle-blocks-advanced-heading-98c8b9c2\"><\/p>\n<\/div>\n\n\n\n<div id=\"wp-block-themeisle-blocks-advanced-column-9a9f49aa\" class=\"wp-block-themeisle-blocks-advanced-column\">\n<h3 class=\"wp-block-heading has-x-large-font-size\">Dzia\u0142ania<\/h3>\n\n\n\n<p>SADEF poprzez Grupy Robocze \u2013 Sprzeda\u017cy i Marketingu oraz Posprzeda\u017cy prowadzi sta\u0142y monitoring rynku i na bie\u017c\u0105co stara si\u0119 reagowa\u0107 na problemy i wyzwania bran\u017cy motoryzacyjnej.<\/p>\n\n\n\n<p id=\"wp-block-themeisle-blocks-advanced-heading-a687c894\" class=\"wp-block-themeisle-blocks-advanced-heading wp-block-themeisle-blocks-advanced-heading-a687c894\"><\/p>\n<\/div>\n<\/div><\/div>\n\n\n\n<div id=\"wp-block-themeisle-blocks-advanced-columns-5a83b79b\" class=\"wp-block-themeisle-blocks-advanced-columns alignfull has-2-columns has-desktop-equal-layout has-tablet-equal-layout has-mobile-collapsedRows-layout has-vertical-center\"><div class=\"wp-block-themeisle-blocks-advanced-columns-overlay\"><\/div><div class=\"innerblocks-wrap\">\n<div id=\"wp-block-themeisle-blocks-advanced-column-02495679\" class=\"wp-block-themeisle-blocks-advanced-column ticss-48ef8f35\">\n<p id=\"wp-block-themeisle-blocks-advanced-heading-a67260d8\" class=\"wp-block-themeisle-blocks-advanced-heading wp-block-themeisle-blocks-advanced-heading-a67260d8\"><\/p>\n\n\n\n<h2 class=\"wp-block-heading has-neve-link-color-color has-text-color\">Softvig \u2013 system DMS\/Autostacja 3 dla dealer\u00f3w Forda<\/h2>\n\n\n\n<p class=\"has-neve-link-color-color has-text-color\">Softvig od wielu lat jest zaufanym partnerem technologicznym dealer\u00f3w Forda w Polsce. System <strong>Autostacja 3<\/strong> to nowoczesne rozwi\u0105zanie klasy DMS (Dealer Management System), stworzone z my\u015bl\u0105 o efektywnym zarz\u0105dzaniu procesami sprzeda\u017cy, serwisu i obs\u0142ugi klienta w autoryzowanych punktach dealerskich.<\/p>\n\n\n\n<p class=\"has-neve-link-color-color has-text-color\">Dzi\u0119ki integracji z wewn\u0119trznymi systemami Forda, <strong>Autostacja 3<\/strong> zapewnia sp\u00f3jno\u015b\u0107 danych, automatyzacj\u0119 proces\u00f3w oraz bezpiecze\u0144stwo pracy zgodne ze standardami marki. System wspiera codzienn\u0105 dzia\u0142alno\u015b\u0107 dealer\u00f3w \u2013 od obs\u0142ugi zam\u00f3wie\u0144 cz\u0119\u015bci, przez harmonogramy serwisowe, po kompleksowe raportowanie wynik\u00f3w sprzeda\u017cy.<\/p>\n\n\n\n<p class=\"has-neve-link-color-color has-text-color\">Softvig stale rozwija swoje rozwi\u0105zania, dostosowuj\u0105c je do zmieniaj\u0105cych si\u0119 potrzeb rynku motoryzacyjnego i rosn\u0105cych oczekiwa\u0144 klient\u00f3w Forda.<\/p>\n\n\n\n<p class=\"wp-block-themeisle-blocks-advanced-heading wp-block-themeisle-blocks-advanced-heading-291a439a ticss-731ce987 has-nv-c-1-color has-text-color\" style=\"font-size:20px;font-style:normal;font-weight:900;text-transform:uppercase\"><a href=\"https:\/\/softvig.pl\/\" data-type=\"link\" data-id=\"https:\/\/softvig.pl\/\" target=\"_blank\" rel=\"noreferrer noopener\">Odwied\u017a stron\u0119 Softvig<\/a><\/p>\n<\/div>\n\n\n\n<div id=\"wp-block-themeisle-blocks-advanced-column-67e16009\" class=\"wp-block-themeisle-blocks-advanced-column ticss-5418d6a3\"><div class=\"wp-block-image\">\n<figure class=\"alignright size-full is-resized\"><a href=\"https:\/\/softvig.pl\/\" target=\"_blank\" rel=\" noreferrer noopener\"><img loading=\"lazy\" decoding=\"async\" width=\"1092\" height=\"282\" src=\"https:\/\/sadef.eu\/wp-content\/uploads\/2025\/11\/SoftVig_logo.png\" alt=\"\" class=\"wp-image-530\" style=\"aspect-ratio:3.953488372093023;width:517px;height:auto\" srcset=\"http:\/\/sadef.eu\/wp-content\/uploads\/2025\/11\/SoftVig_logo.png 1092w, http:\/\/sadef.eu\/wp-content\/uploads\/2025\/11\/SoftVig_logo-300x77.png 300w, http:\/\/sadef.eu\/wp-content\/uploads\/2025\/11\/SoftVig_logo-1024x264.png 1024w, http:\/\/sadef.eu\/wp-content\/uploads\/2025\/11\/SoftVig_logo-768x198.png 768w\" sizes=\"auto, (max-width: 1092px) 100vw, 1092px\" \/><\/a><\/figure>\n<\/div><\/div>\n<\/div><\/div>\n\n\n\n<div id=\"wp-block-themeisle-blocks-advanced-columns-6aef0e6c\" class=\"wp-block-themeisle-blocks-advanced-columns alignfull has-2-columns has-desktop-equal-layout has-tablet-equal-layout has-mobile-collapsedRows-layout has-vertical-center\"><div class=\"wp-block-themeisle-blocks-advanced-columns-overlay\"><\/div><div class=\"innerblocks-wrap\">\n<div id=\"wp-block-themeisle-blocks-advanced-column-5a51bad6\" class=\"wp-block-themeisle-blocks-advanced-column ticss-48ef8f35\">\n<p id=\"wp-block-themeisle-blocks-advanced-heading-969e7b5a\" class=\"wp-block-themeisle-blocks-advanced-heading wp-block-themeisle-blocks-advanced-heading-969e7b5a\"><\/p>\n\n\n\n<h2 class=\"wp-block-heading has-neve-link-color-color has-text-color\">Santander \u2013 rekomendowany dostawca produkt\u00f3w finansowych<\/h2>\n\n\n\n<p class=\"has-neve-link-color-color has-text-color\">Santander Consumer Multirent jest rekomendowanym partnerem finansowym dealer\u00f3w Forda w Polsce. Od lat wspiera autoryzowan\u0105 sie\u0107 dealersk\u0105, oferuj\u0105c kompleksowe rozwi\u0105zania w zakresie finansowania zakupu i u\u017cytkowania pojazd\u00f3w marki Ford.<\/p>\n\n\n\n<p>Dzi\u0119ki \u015bcis\u0142ej wsp\u00f3\u0142pracy z Ford Polska, <strong>Santander<\/strong> zapewnia atrakcyjne programy leasingowe, kredytowe i ubezpieczeniowe, dostosowane do potrzeb zar\u00f3wno klient\u00f3w indywidualnych, jak i firmowych. Rozwi\u0105zania finansowe Santander umo\u017cliwiaj\u0105 dealerom Forda elastyczne i szybkie dopasowanie oferty do wymaga\u0144 rynku.<\/p>\n\n\n\n<p class=\"has-neve-link-color-color has-text-color\">Profesjonalne wsparcie, transparentne warunki oraz nowoczesne narz\u0119dzia online czyni\u0105 Santander niezawodnym partnerem w codziennej dzia\u0142alno\u015bci autoryzowanych dealer\u00f3w Forda.<\/p>\n\n\n\n<p class=\"wp-block-themeisle-blocks-advanced-heading wp-block-themeisle-blocks-advanced-heading-291a439a ticss-731ce987 has-nv-c-1-color has-text-color\" style=\"font-size:20px;font-style:normal;font-weight:900;text-transform:uppercase\"><a href=\"https:\/\/www.scmultirent.pl\/\" data-type=\"link\" data-id=\"https:\/\/www.scmultirent.pl\/\" target=\"_blank\" rel=\"noreferrer noopener\">Odwied\u017a stron\u0119 Santander Consumer Multirent<\/a><\/p>\n<\/div>\n\n\n\n<div id=\"wp-block-themeisle-blocks-advanced-column-3d2f2f3f\" class=\"wp-block-themeisle-blocks-advanced-column ticss-5418d6a3\"><div class=\"wp-block-image\">\n<figure class=\"alignright size-full is-resized\"><a href=\"https:\/\/www.scmultirent.pl\/\" target=\"_blank\" rel=\" noreferrer noopener\"><img loading=\"lazy\" decoding=\"async\" width=\"2560\" height=\"639\" src=\"https:\/\/sadef.eu\/wp-content\/uploads\/2025\/11\/SANTANDER_CONSUMER_MULTIRENT-white-scaled.png\" alt=\"\" class=\"wp-image-533\" style=\"aspect-ratio:3.953488372093023;width:517px;height:auto\" srcset=\"http:\/\/sadef.eu\/wp-content\/uploads\/2025\/11\/SANTANDER_CONSUMER_MULTIRENT-white-scaled.png 2560w, http:\/\/sadef.eu\/wp-content\/uploads\/2025\/11\/SANTANDER_CONSUMER_MULTIRENT-white-300x75.png 300w, http:\/\/sadef.eu\/wp-content\/uploads\/2025\/11\/SANTANDER_CONSUMER_MULTIRENT-white-1024x255.png 1024w, http:\/\/sadef.eu\/wp-content\/uploads\/2025\/11\/SANTANDER_CONSUMER_MULTIRENT-white-768x192.png 768w, http:\/\/sadef.eu\/wp-content\/uploads\/2025\/11\/SANTANDER_CONSUMER_MULTIRENT-white-1536x383.png 1536w, http:\/\/sadef.eu\/wp-content\/uploads\/2025\/11\/SANTANDER_CONSUMER_MULTIRENT-white-2048x511.png 2048w\" sizes=\"auto, (max-width: 2560px) 100vw, 2560px\" \/><\/a><\/figure>\n<\/div><\/div>\n<\/div><\/div>\n\n\n\n<div id=\"wp-block-themeisle-blocks-advanced-columns-6f11e740\" class=\"wp-block-themeisle-blocks-advanced-columns alignfull has-1-columns has-desktop-equal-layout has-tablet-equal-layout has-mobile-equal-layout has-vertical-unset\"><div class=\"wp-block-themeisle-blocks-advanced-columns-overlay\"><\/div><div class=\"innerblocks-wrap\">\n<div id=\"wp-block-themeisle-blocks-advanced-column-085d763a\" class=\"wp-block-themeisle-blocks-advanced-column\">\n<p id=\"wp-block-themeisle-blocks-advanced-heading-a38d6050\" class=\"wp-block-themeisle-blocks-advanced-heading wp-block-themeisle-blocks-advanced-heading-a38d6050\"><\/p>\n\n\n\n<h2 id=\"wp-block-themeisle-blocks-advanced-heading-4e96de44\" class=\"wp-block-themeisle-blocks-advanced-heading wp-block-themeisle-blocks-advanced-heading-4e96de44\">kontakt<\/h2>\n\n\n\n<p class=\"has-text-align-center\"><strong>Amadeusz Juszczak<br>Prezes SADEF<br>+48 601 625 101<\/strong><br><strong>sadef@sadef.org.pl<br><br>Siedziba:<br>ul. Komitetu Obrony Robotnik\u00f3w 56<br>02-146 Warszawa<\/strong><br><\/p>\n\n\n\n<div style=\"height:40px\" aria-hidden=\"true\" class=\"wp-block-spacer\"><\/div>\n\n\n\n<ul class=\"wp-block-social-links has-large-icon-size has-icon-background-color items-justified-center is-style-default is-content-justification-center is-layout-flex wp-container-core-social-links-is-layout-16018d1d wp-block-social-links-is-layout-flex\"><\/ul>\n<\/div>\n<\/div><\/div>\n\n\n\n<div id=\"wp-block-themeisle-blocks-advanced-columns-6a564611\" class=\"wp-block-themeisle-blocks-advanced-columns alignfull has-3-columns has-desktop-equal-layout has-tablet-equal-layout has-mobile-collapsedRows-layout has-vertical-unset\"><div class=\"wp-block-themeisle-blocks-advanced-columns-overlay\"><\/div><div class=\"innerblocks-wrap\">\n<div id=\"wp-block-themeisle-blocks-advanced-column-374d5d80\" class=\"wp-block-themeisle-blocks-advanced-column ticss-0e1467b8\"><div class=\"wp-block-image\">\n<figure class=\"aligncenter size-large is-resized\"><img loading=\"lazy\" decoding=\"async\" width=\"1024\" height=\"1024\" src=\"https:\/\/sadef.eu\/wp-content\/uploads\/2025\/11\/2024Ford_ElectricCapri_27-1024x1024.jpg\" alt=\"\" class=\"wp-image-525\" style=\"aspect-ratio:1;object-fit:cover;width:750px\" srcset=\"http:\/\/sadef.eu\/wp-content\/uploads\/2025\/11\/2024Ford_ElectricCapri_27-1024x1024.jpg 1024w, http:\/\/sadef.eu\/wp-content\/uploads\/2025\/11\/2024Ford_ElectricCapri_27-300x300.jpg 300w, http:\/\/sadef.eu\/wp-content\/uploads\/2025\/11\/2024Ford_ElectricCapri_27-150x150.jpg 150w, http:\/\/sadef.eu\/wp-content\/uploads\/2025\/11\/2024Ford_ElectricCapri_27-768x768.jpg 768w, http:\/\/sadef.eu\/wp-content\/uploads\/2025\/11\/2024Ford_ElectricCapri_27-1536x1536.jpg 1536w, http:\/\/sadef.eu\/wp-content\/uploads\/2025\/11\/2024Ford_ElectricCapri_27-2048x2048.jpg 2048w\" sizes=\"auto, (max-width: 1024px) 100vw, 1024px\" \/><\/figure>\n<\/div><\/div>\n\n\n\n<div id=\"wp-block-themeisle-blocks-advanced-column-a131c8d8\" class=\"wp-block-themeisle-blocks-advanced-column\"><div class=\"wp-block-image\">\n<figure class=\"aligncenter size-large is-resized\"><img loading=\"lazy\" decoding=\"async\" width=\"1024\" height=\"1024\" src=\"https:\/\/sadef.eu\/wp-content\/uploads\/2025\/11\/Ranger_Wildtrak_PHEV_Towing_016-1024x1024.jpg\" alt=\"\" class=\"wp-image-526\" style=\"aspect-ratio:1;object-fit:cover;width:750px\" srcset=\"http:\/\/sadef.eu\/wp-content\/uploads\/2025\/11\/Ranger_Wildtrak_PHEV_Towing_016-1024x1024.jpg 1024w, http:\/\/sadef.eu\/wp-content\/uploads\/2025\/11\/Ranger_Wildtrak_PHEV_Towing_016-300x300.jpg 300w, http:\/\/sadef.eu\/wp-content\/uploads\/2025\/11\/Ranger_Wildtrak_PHEV_Towing_016-150x150.jpg 150w, http:\/\/sadef.eu\/wp-content\/uploads\/2025\/11\/Ranger_Wildtrak_PHEV_Towing_016-768x768.jpg 768w, http:\/\/sadef.eu\/wp-content\/uploads\/2025\/11\/Ranger_Wildtrak_PHEV_Towing_016-1536x1536.jpg 1536w, http:\/\/sadef.eu\/wp-content\/uploads\/2025\/11\/Ranger_Wildtrak_PHEV_Towing_016-2048x2048.jpg 2048w\" sizes=\"auto, (max-width: 1024px) 100vw, 1024px\" \/><\/figure>\n<\/div><\/div>\n\n\n\n<div id=\"wp-block-themeisle-blocks-advanced-column-b20eafeb\" class=\"wp-block-themeisle-blocks-advanced-column\"><div class=\"wp-block-image is-style-default\">\n<figure class=\"aligncenter size-large is-resized\"><img loading=\"lazy\" decoding=\"async\" width=\"1024\" height=\"1024\" src=\"https:\/\/sadef.eu\/wp-content\/uploads\/2025\/11\/2023_FORD_KUGA_ACTIVE_01-3-1024x1024.jpg\" alt=\"\" class=\"wp-image-527\" style=\"aspect-ratio:1;object-fit:cover;width:750px\" srcset=\"http:\/\/sadef.eu\/wp-content\/uploads\/2025\/11\/2023_FORD_KUGA_ACTIVE_01-3-1024x1024.jpg 1024w, http:\/\/sadef.eu\/wp-content\/uploads\/2025\/11\/2023_FORD_KUGA_ACTIVE_01-3-300x300.jpg 300w, http:\/\/sadef.eu\/wp-content\/uploads\/2025\/11\/2023_FORD_KUGA_ACTIVE_01-3-150x150.jpg 150w, http:\/\/sadef.eu\/wp-content\/uploads\/2025\/11\/2023_FORD_KUGA_ACTIVE_01-3-768x768.jpg 768w, http:\/\/sadef.eu\/wp-content\/uploads\/2025\/11\/2023_FORD_KUGA_ACTIVE_01-3-1536x1536.jpg 1536w, http:\/\/sadef.eu\/wp-content\/uploads\/2025\/11\/2023_FORD_KUGA_ACTIVE_01-3-2048x2048.jpg 2048w\" sizes=\"auto, (max-width: 1024px) 100vw, 1024px\" \/><\/figure>\n<\/div><\/div>\n<\/div><\/div>\n","protected":false},"excerpt":{"rendered":"","protected":false},"author":1,"featured_media":0,"parent":0,"menu_order":0,"comment_status":"closed","ping_status":"closed","template":"page-templates\/template-pagebuilder-full-width.php","meta":{"neve_meta_sidebar":"full-width","neve_meta_container":"","neve_meta_enable_content_width":"on","neve_meta_content_width":100,"neve_meta_title_alignment":"","neve_meta_author_avatar":"","neve_post_elements_order":"","neve_meta_disable_header":"","neve_meta_disable_footer":"","neve_meta_disable_title":"on","_themeisle_gutenberg_block_has_review":false,"_ti_tpc_template_sync":false,"_ti_tpc_template_id":"cq3zdpus82tmpryrxb4m","footnotes":""},"class_list":["post-361","page","type-page","status-publish","hentry"],"_links":{"self":[{"href":"http:\/\/sadef.eu\/index.php?rest_route=\/wp\/v2\/pages\/361","targetHints":{"allow":["GET"]}}],"collection":[{"href":"http:\/\/sadef.eu\/index.php?rest_route=\/wp\/v2\/pages"}],"about":[{"href":"http:\/\/sadef.eu\/index.php?rest_route=\/wp\/v2\/types\/page"}],"author":[{"embeddable":true,"href":"http:\/\/sadef.eu\/index.php?rest_route=\/wp\/v2\/users\/1"}],"replies":[{"embeddable":true,"href":"http:\/\/sadef.eu\/index.php?rest_route=%2Fwp%2Fv2%2Fcomments&post=361"}],"version-history":[{"count":70,"href":"http:\/\/sadef.eu\/index.php?rest_route=\/wp\/v2\/pages\/361\/revisions"}],"predecessor-version":[{"id":550,"href":"http:\/\/sadef.eu\/index.php?rest_route=\/wp\/v2\/pages\/361\/revisions\/550"}],"wp:attachment":[{"href":"http:\/\/sadef.eu\/index.php?rest_route=%2Fwp%2Fv2%2Fmedia&parent=361"}],"curies":[{"name":"wp","href":"https:\/\/api.w.org\/{rel}","templated":true}]}}