{"id":6,"date":"2019-11-26T12:23:06","date_gmt":"2019-11-26T12:23:06","guid":{"rendered":"https:\/\/demosites.io\/blogger-gb\/?page_id=6"},"modified":"2022-10-19T19:12:44","modified_gmt":"2022-10-19T19:12:44","slug":"582c1-blogger-gb-about","status":"publish","type":"page","link":"http:\/\/sadef.eu\/?page_id=6","title":{"rendered":"O Nas"},"content":{"rendered":"\n<div id=\"wp-block-themeisle-blocks-advanced-columns-350732b2\" class=\"wp-block-themeisle-blocks-advanced-columns alignfull has-3-columns has-desktop-equal-layout has-tablet-equal-layout has-mobile-collapsedRows-layout has-vertical-unset\"><div class=\"wp-block-themeisle-blocks-advanced-columns-overlay\"><\/div><div class=\"innerblocks-wrap\">\n<div id=\"wp-block-themeisle-blocks-advanced-column-b9f983d5\" class=\"wp-block-themeisle-blocks-advanced-column\">\n<h3 class=\"has-nv-text-dark-bg-color has-text-color has-x-large-font-size wp-block-heading\">O nas<\/h3>\n\n\n\n<p class=\"has-nv-site-bg-color has-text-color\">SADEF jest organizacj\u0105 powsta\u0142\u0105 w po\u0142owie lat 90-tych, aktualnie zrzesza 90% firm posiadaj\u0105cych autoryzacj\u0119 Ford Motor Company.<\/p>\n\n\n\n<p class=\"has-nv-site-bg-color has-text-color\">SADEF jest te\u017c cz\u0142onkiem Europejskiego Stowarzyszenia Dealer\u00f3w Forda.<\/p>\n\n\n\n<p class=\"wp-block-themeisle-blocks-advanced-heading wp-block-themeisle-blocks-advanced-heading-291a439a has-nv-text-dark-bg-color has-text-color\"><\/p>\n<\/div>\n\n\n\n<div id=\"wp-block-themeisle-blocks-advanced-column-0a95dfc0\" class=\"wp-block-themeisle-blocks-advanced-column\">\n<h3 class=\"has-nv-text-dark-bg-color has-text-color has-x-large-font-size wp-block-heading\">Misja<\/h3>\n\n\n\n<p class=\"has-nv-site-bg-color has-text-color\">Celem naszej organizacji jest:<\/p>\n\n\n\n<p class=\"has-nv-site-bg-color has-text-color\">\u2013 integracja dealer\u00f3w marki Ford oraz reprezentowanie interes\u00f3w dealer\u00f3w &nbsp;wobec innych organizacji, jak banki, towarzystwa ubezpieczeniowe itp.<\/p>\n\n\n\n<p class=\"has-nv-site-bg-color has-text-color\">\u2013 kszta\u0142towanie wsp\u00f3lnego stanowiska odno\u015bnie zachodz\u0105cych&nbsp;zmian organizacyjnych lub finansowych<\/p>\n\n\n\n<p class=\"has-nv-site-bg-color has-text-color\">\u2013 dbanie o wizerunek oraz upowszechnianie wiedzy o produktach marki Ford<\/p>\n\n\n\n<p class=\"wp-block-themeisle-blocks-advanced-heading wp-block-themeisle-blocks-advanced-heading-291a439a has-nv-text-dark-bg-color has-text-color\"><\/p>\n<\/div>\n\n\n\n<div id=\"wp-block-themeisle-blocks-advanced-column-57d9480e\" class=\"wp-block-themeisle-blocks-advanced-column\">\n<h3 class=\"has-nv-text-dark-bg-color has-text-color has-x-large-font-size wp-block-heading\">Dzia\u0142ania<\/h3>\n\n\n\n<p class=\"has-nv-text-dark-bg-color has-text-color\">SADEF poprzez Grupy Robocze \u2013 Sprzeda\u017cy i Marketingu oraz Posprzeda\u017cy prowadzi sta\u0142y monitoring rynku i na bie\u017c\u0105co stara si\u0119 reagowa\u0107 na problemy i wyzwania bran\u017cy motoryzacyjnej.<\/p>\n\n\n\n<p class=\"wp-block-themeisle-blocks-advanced-heading wp-block-themeisle-blocks-advanced-heading-291a439a has-nv-text-dark-bg-color has-text-color\"><\/p>\n<\/div>\n<\/div><\/div>\n\n\n\n<div id=\"wp-block-themeisle-blocks-advanced-columns-0420b78e\" class=\"wp-block-themeisle-blocks-advanced-columns has-0-columns has-desktop-equal-layout has-tablet-equal-layout has-mobile-equal-layout has-vertical-unset\"><div class=\"wp-block-themeisle-blocks-advanced-columns-overlay\"><\/div><div class=\"innerblocks-wrap\"><\/div><\/div>\n","protected":false},"excerpt":{"rendered":"","protected":false},"author":1,"featured_media":0,"parent":0,"menu_order":0,"comment_status":"closed","ping_status":"closed","template":"","meta":{"neve_meta_sidebar":"full-width","neve_meta_container":"","neve_meta_enable_content_width":"on","neve_meta_content_width":100,"neve_meta_title_alignment":"","neve_meta_author_avatar":"","neve_post_elements_order":"","neve_meta_disable_header":"","neve_meta_disable_footer":"","neve_meta_disable_title":"on","_themeisle_gutenberg_block_has_review":false,"_ti_tpc_template_sync":false,"_ti_tpc_template_id":"lk14g9s4to6urekitery","footnotes":""},"class_list":["post-6","page","type-page","status-publish","hentry"],"_links":{"self":[{"href":"http:\/\/sadef.eu\/index.php?rest_route=\/wp\/v2\/pages\/6","targetHints":{"allow":["GET"]}}],"collection":[{"href":"http:\/\/sadef.eu\/index.php?rest_route=\/wp\/v2\/pages"}],"about":[{"href":"http:\/\/sadef.eu\/index.php?rest_route=\/wp\/v2\/types\/page"}],"author":[{"embeddable":true,"href":"http:\/\/sadef.eu\/index.php?rest_route=\/wp\/v2\/users\/1"}],"replies":[{"embeddable":true,"href":"http:\/\/sadef.eu\/index.php?rest_route=%2Fwp%2Fv2%2Fcomments&post=6"}],"version-history":[{"count":4,"href":"http:\/\/sadef.eu\/index.php?rest_route=\/wp\/v2\/pages\/6\/revisions"}],"predecessor-version":[{"id":484,"href":"http:\/\/sadef.eu\/index.php?rest_route=\/wp\/v2\/pages\/6\/revisions\/484"}],"wp:attachment":[{"href":"http:\/\/sadef.eu\/index.php?rest_route=%2Fwp%2Fv2%2Fmedia&parent=6"}],"curies":[{"name":"wp","href":"https:\/\/api.w.org\/{rel}","templated":true}]}}